{"id":1382,"date":"2025-01-18T21:51:18","date_gmt":"2025-01-19T02:51:18","guid":{"rendered":"https:\/\/www.fundeti.org\/?page_id=1382"},"modified":"2025-02-13T17:27:26","modified_gmt":"2025-02-13T22:27:26","slug":"metolodogia","status":"publish","type":"page","link":"https:\/\/www.fundeti.org\/index.php\/metolodogia\/","title":{"rendered":"Metolodog\u00eda"},"content":{"rendered":"\t\t<div data-elementor-type=\"wp-page\" data-elementor-id=\"1382\" class=\"elementor elementor-1382\">\n\t\t\t\t\t\t<section class=\"elementor-section elementor-top-section elementor-element elementor-element-960d11d elementor-section-boxed elementor-section-height-default elementor-section-height-default\" data-id=\"960d11d\" data-element_type=\"section\">\n\t\t\t\t\t\t<div class=\"elementor-container elementor-column-gap-default\">\n\t\t\t\t\t<div class=\"elementor-column elementor-col-100 elementor-top-column elementor-element elementor-element-5235bfa\" data-id=\"5235bfa\" data-element_type=\"column\">\n\t\t\t<div class=\"elementor-widget-wrap elementor-element-populated\">\n\t\t\t\t\t\t<div class=\"elementor-element elementor-element-3561ca0 elementor-widget elementor-widget-spacer\" data-id=\"3561ca0\" data-element_type=\"widget\" data-widget_type=\"spacer.default\">\n\t\t\t\t<div class=\"elementor-widget-container\">\n\t\t\t\t\t\t\t<div class=\"elementor-spacer\">\n\t\t\t<div class=\"elementor-spacer-inner\"><\/div>\n\t\t<\/div>\n\t\t\t\t\t\t<\/div>\n\t\t\t\t<\/div>\n\t\t\t\t\t<\/div>\n\t\t<\/div>\n\t\t\t\t\t<\/div>\n\t\t<\/section>\n\t\t\t\t<section class=\"elementor-section elementor-top-section elementor-element elementor-element-88d0a97 elementor-section-boxed elementor-section-height-default elementor-section-height-default\" data-id=\"88d0a97\" data-element_type=\"section\">\n\t\t\t\t\t\t<div class=\"elementor-container elementor-column-gap-default\">\n\t\t\t\t\t<div class=\"elementor-column elementor-col-100 elementor-top-column elementor-element elementor-element-fed30dc\" data-id=\"fed30dc\" data-element_type=\"column\">\n\t\t\t<div class=\"elementor-widget-wrap elementor-element-populated\">\n\t\t\t\t\t\t<div class=\"elementor-element elementor-element-fdd2bd8 elementor-widget elementor-widget-text-editor\" data-id=\"fdd2bd8\" data-element_type=\"widget\" data-widget_type=\"text-editor.default\">\n\t\t\t\t<div class=\"elementor-widget-container\">\n\t\t\t\t\t\t\t\t\t<p style=\"text-align: center;\"><em><strong>A lo largo de los a\u00f1os, ETI ha desarrollado metodolog\u00edas para transitar por los territorios y tem\u00e1ticas que nos han consolidado como un equipo de investigaci\u00f3n &#8211; acci\u00f3n. Puedes revisar nuestros aportes en la secci\u00f3n de publicaciones. Brevemente te contamos algunas de ellas.<\/strong><\/em><\/p>\t\t\t\t\t\t\t\t<\/div>\n\t\t\t\t<\/div>\n\t\t\t\t\t<\/div>\n\t\t<\/div>\n\t\t\t\t\t<\/div>\n\t\t<\/section>\n\t\t\t\t<section class=\"elementor-section elementor-top-section elementor-element elementor-element-15b9d66 elementor-section-boxed elementor-section-height-default elementor-section-height-default\" data-id=\"15b9d66\" data-element_type=\"section\">\n\t\t\t\t\t\t<div class=\"elementor-container elementor-column-gap-default\">\n\t\t\t\t\t<div class=\"elementor-column elementor-col-33 elementor-top-column elementor-element elementor-element-7667c84\" data-id=\"7667c84\" data-element_type=\"column\">\n\t\t\t<div class=\"elementor-widget-wrap elementor-element-populated\">\n\t\t\t\t\t\t<div class=\"elementor-element elementor-element-b574726 elementor-widget elementor-widget-image\" data-id=\"b574726\" data-element_type=\"widget\" data-widget_type=\"image.default\">\n\t\t\t\t<div class=\"elementor-widget-container\">\n\t\t\t\t\t\t\t\t\t\t\t\t\t\t\t<img fetchpriority=\"high\" decoding=\"async\" width=\"200\" height=\"300\" src=\"https:\/\/www.fundeti.org\/wp-content\/uploads\/2025\/01\/WhatsApp-Image-2025-01-18-at-21.59.18-200x300.jpeg\" class=\"attachment-medium size-medium wp-image-1391\" alt=\"\" srcset=\"https:\/\/www.fundeti.org\/wp-content\/uploads\/2025\/01\/WhatsApp-Image-2025-01-18-at-21.59.18-200x300.jpeg 200w, https:\/\/www.fundeti.org\/wp-content\/uploads\/2025\/01\/WhatsApp-Image-2025-01-18-at-21.59.18-682x1024.jpeg 682w, https:\/\/www.fundeti.org\/wp-content\/uploads\/2025\/01\/WhatsApp-Image-2025-01-18-at-21.59.18-768x1152.jpeg 768w, https:\/\/www.fundeti.org\/wp-content\/uploads\/2025\/01\/WhatsApp-Image-2025-01-18-at-21.59.18.jpeg 853w\" sizes=\"(max-width: 200px) 100vw, 200px\" \/>\t\t\t\t\t\t\t\t\t\t\t\t\t\t\t<\/div>\n\t\t\t\t<\/div>\n\t\t\t\t\t<\/div>\n\t\t<\/div>\n\t\t\t\t<div class=\"elementor-column elementor-col-66 elementor-top-column elementor-element elementor-element-c471132\" data-id=\"c471132\" data-element_type=\"column\">\n\t\t\t<div class=\"elementor-widget-wrap elementor-element-populated\">\n\t\t\t\t\t\t<div class=\"elementor-element elementor-element-21552b9 elementor-widget elementor-widget-text-editor\" data-id=\"21552b9\" data-element_type=\"widget\" data-widget_type=\"text-editor.default\">\n\t\t\t\t<div class=\"elementor-widget-container\">\n\t\t\t\t\t\t\t\t\t<p><strong>APRENDER &#8211; HACIENDO\u00a0<\/strong><\/p><p>El aprender haciendo con enfoque intergeneracional es una propuesta para identificar las actividades que permiten vivir bien en los territorios y que se transmiten en el hacer (caminando, sembrando, nadando, trabajando, cantando, etc.). Con esta identificaci\u00f3n se inicia un camino de aprendizaje intergeneracional que construye memoria colectiva y sostiene pr\u00e1cticas de cuidado.<\/p>\t\t\t\t\t\t\t\t<\/div>\n\t\t\t\t<\/div>\n\t\t\t\t\t<\/div>\n\t\t<\/div>\n\t\t\t\t\t<\/div>\n\t\t<\/section>\n\t\t\t\t<section class=\"elementor-section elementor-top-section elementor-element elementor-element-c57a222 elementor-section-boxed elementor-section-height-default elementor-section-height-default\" data-id=\"c57a222\" data-element_type=\"section\">\n\t\t\t\t\t\t<div class=\"elementor-container elementor-column-gap-default\">\n\t\t\t\t\t<div class=\"elementor-column elementor-col-33 elementor-top-column elementor-element elementor-element-1f41bab\" data-id=\"1f41bab\" data-element_type=\"column\">\n\t\t\t<div class=\"elementor-widget-wrap elementor-element-populated\">\n\t\t\t\t\t\t<div class=\"elementor-element elementor-element-0324d6c elementor-widget elementor-widget-image\" data-id=\"0324d6c\" data-element_type=\"widget\" data-widget_type=\"image.default\">\n\t\t\t\t<div class=\"elementor-widget-container\">\n\t\t\t\t\t\t\t\t\t\t\t\t\t\t\t<img decoding=\"async\" width=\"1024\" height=\"683\" src=\"https:\/\/www.fundeti.org\/wp-content\/uploads\/2025\/01\/WhatsApp-Image-2025-01-18-at-21.57.59-1024x683.jpeg\" class=\"attachment-large size-large wp-image-1390\" alt=\"\" srcset=\"https:\/\/www.fundeti.org\/wp-content\/uploads\/2025\/01\/WhatsApp-Image-2025-01-18-at-21.57.59-1024x683.jpeg 1024w, https:\/\/www.fundeti.org\/wp-content\/uploads\/2025\/01\/WhatsApp-Image-2025-01-18-at-21.57.59-300x200.jpeg 300w, https:\/\/www.fundeti.org\/wp-content\/uploads\/2025\/01\/WhatsApp-Image-2025-01-18-at-21.57.59-768x512.jpeg 768w, https:\/\/www.fundeti.org\/wp-content\/uploads\/2025\/01\/WhatsApp-Image-2025-01-18-at-21.57.59-1536x1024.jpeg 1536w, https:\/\/www.fundeti.org\/wp-content\/uploads\/2025\/01\/WhatsApp-Image-2025-01-18-at-21.57.59.jpeg 1600w\" sizes=\"(max-width: 1024px) 100vw, 1024px\" \/>\t\t\t\t\t\t\t\t\t\t\t\t\t\t\t<\/div>\n\t\t\t\t<\/div>\n\t\t\t\t\t<\/div>\n\t\t<\/div>\n\t\t\t\t<div class=\"elementor-column elementor-col-66 elementor-top-column elementor-element elementor-element-8844585\" data-id=\"8844585\" data-element_type=\"column\">\n\t\t\t<div class=\"elementor-widget-wrap elementor-element-populated\">\n\t\t\t\t\t\t<div class=\"elementor-element elementor-element-240355a elementor-widget elementor-widget-text-editor\" data-id=\"240355a\" data-element_type=\"widget\" data-widget_type=\"text-editor.default\">\n\t\t\t\t<div class=\"elementor-widget-container\">\n\t\t\t\t\t\t\t\t\t<p><strong>DICIENDO &#8211; HACIENDO<\/strong><\/p><p>El diciendo hciendo es una propuesta para accionar los discursos de resistencia y defensa territorial, discursos de cuidado com\u00fan e inclusive de autocuidado. Al tomar acci\u00f3n de nuestras palabras logramos repensar los discursos y hacer de la palabra una verdad.<\/p>\t\t\t\t\t\t\t\t<\/div>\n\t\t\t\t<\/div>\n\t\t\t\t\t<\/div>\n\t\t<\/div>\n\t\t\t\t\t<\/div>\n\t\t<\/section>\n\t\t\t\t<section class=\"elementor-section elementor-top-section elementor-element elementor-element-4894daf elementor-section-boxed elementor-section-height-default elementor-section-height-default\" data-id=\"4894daf\" data-element_type=\"section\">\n\t\t\t\t\t\t<div class=\"elementor-container elementor-column-gap-default\">\n\t\t\t\t\t<div class=\"elementor-column elementor-col-33 elementor-top-column elementor-element elementor-element-86e41f4\" data-id=\"86e41f4\" data-element_type=\"column\">\n\t\t\t<div class=\"elementor-widget-wrap elementor-element-populated\">\n\t\t\t\t\t\t<div class=\"elementor-element elementor-element-b473fd5 elementor-widget elementor-widget-image\" data-id=\"b473fd5\" data-element_type=\"widget\" data-widget_type=\"image.default\">\n\t\t\t\t<div class=\"elementor-widget-container\">\n\t\t\t\t\t\t\t\t\t\t\t\t\t\t\t<img decoding=\"async\" width=\"1024\" height=\"682\" src=\"https:\/\/www.fundeti.org\/wp-content\/uploads\/2025\/01\/WhatsApp-Image-2025-01-18-at-21.59.19-3-1024x682.jpeg\" class=\"attachment-large size-large wp-image-1394\" alt=\"\" srcset=\"https:\/\/www.fundeti.org\/wp-content\/uploads\/2025\/01\/WhatsApp-Image-2025-01-18-at-21.59.19-3-1024x682.jpeg 1024w, https:\/\/www.fundeti.org\/wp-content\/uploads\/2025\/01\/WhatsApp-Image-2025-01-18-at-21.59.19-3-300x200.jpeg 300w, https:\/\/www.fundeti.org\/wp-content\/uploads\/2025\/01\/WhatsApp-Image-2025-01-18-at-21.59.19-3-768x512.jpeg 768w, https:\/\/www.fundeti.org\/wp-content\/uploads\/2025\/01\/WhatsApp-Image-2025-01-18-at-21.59.19-3.jpeg 1280w\" sizes=\"(max-width: 1024px) 100vw, 1024px\" \/>\t\t\t\t\t\t\t\t\t\t\t\t\t\t\t<\/div>\n\t\t\t\t<\/div>\n\t\t\t\t\t<\/div>\n\t\t<\/div>\n\t\t\t\t<div class=\"elementor-column elementor-col-66 elementor-top-column elementor-element elementor-element-0b58bb4\" data-id=\"0b58bb4\" data-element_type=\"column\">\n\t\t\t<div class=\"elementor-widget-wrap elementor-element-populated\">\n\t\t\t\t\t\t<div class=\"elementor-element elementor-element-83ae914 elementor-widget elementor-widget-text-editor\" data-id=\"83ae914\" data-element_type=\"widget\" data-widget_type=\"text-editor.default\">\n\t\t\t\t<div class=\"elementor-widget-container\">\n\t\t\t\t\t\t\t\t\t<p><strong>TLI (Talleres L\u00fadico-intergeneracionales)<\/strong> <\/p><p>Los TLI son una propuesta para construcci\u00f3n de la memoria colectiva de los bienes comunes territoriales a trav\u00e9s del juego. Cada juego es contextualizado al espacio donde se realiza y validado por quienes han caminado por m\u00e1s a\u00f1os estos lugares cargados de memoria. El juego abre el di\u00e1logo intergeneracional e instala en la mente de quienes participan un sentido de aprendizaje con alegr\u00eda.<\/p>\t\t\t\t\t\t\t\t<\/div>\n\t\t\t\t<\/div>\n\t\t\t\t\t<\/div>\n\t\t<\/div>\n\t\t\t\t\t<\/div>\n\t\t<\/section>\n\t\t\t\t<section class=\"elementor-section elementor-top-section elementor-element elementor-element-1aa142b elementor-section-boxed elementor-section-height-default elementor-section-height-default\" data-id=\"1aa142b\" data-element_type=\"section\">\n\t\t\t\t\t\t<div class=\"elementor-container elementor-column-gap-default\">\n\t\t\t\t\t<div class=\"elementor-column elementor-col-33 elementor-top-column elementor-element elementor-element-805d9fe\" data-id=\"805d9fe\" data-element_type=\"column\">\n\t\t\t<div class=\"elementor-widget-wrap elementor-element-populated\">\n\t\t\t\t\t\t<div class=\"elementor-element elementor-element-0bfd6d2 elementor-widget elementor-widget-image\" data-id=\"0bfd6d2\" data-element_type=\"widget\" data-widget_type=\"image.default\">\n\t\t\t\t<div class=\"elementor-widget-container\">\n\t\t\t\t\t\t\t\t\t\t\t\t\t\t\t<img loading=\"lazy\" decoding=\"async\" width=\"1024\" height=\"682\" src=\"https:\/\/www.fundeti.org\/wp-content\/uploads\/2025\/01\/WhatsApp-Image-2025-01-18-at-21.59.19-1024x682.jpeg\" class=\"attachment-large size-large wp-image-1396\" alt=\"\" srcset=\"https:\/\/www.fundeti.org\/wp-content\/uploads\/2025\/01\/WhatsApp-Image-2025-01-18-at-21.59.19-1024x682.jpeg 1024w, https:\/\/www.fundeti.org\/wp-content\/uploads\/2025\/01\/WhatsApp-Image-2025-01-18-at-21.59.19-300x200.jpeg 300w, https:\/\/www.fundeti.org\/wp-content\/uploads\/2025\/01\/WhatsApp-Image-2025-01-18-at-21.59.19-768x512.jpeg 768w, https:\/\/www.fundeti.org\/wp-content\/uploads\/2025\/01\/WhatsApp-Image-2025-01-18-at-21.59.19.jpeg 1280w\" sizes=\"(max-width: 1024px) 100vw, 1024px\" \/>\t\t\t\t\t\t\t\t\t\t\t\t\t\t\t<\/div>\n\t\t\t\t<\/div>\n\t\t\t\t\t<\/div>\n\t\t<\/div>\n\t\t\t\t<div class=\"elementor-column elementor-col-66 elementor-top-column elementor-element elementor-element-7bee993\" data-id=\"7bee993\" data-element_type=\"column\">\n\t\t\t<div class=\"elementor-widget-wrap elementor-element-populated\">\n\t\t\t\t\t\t<div class=\"elementor-element elementor-element-d2b82d2 elementor-widget elementor-widget-text-editor\" data-id=\"d2b82d2\" data-element_type=\"widget\" data-widget_type=\"text-editor.default\">\n\t\t\t\t<div class=\"elementor-widget-container\">\n\t\t\t\t\t\t\t\t\t<p><strong>ECC (Espacios de Convivencia Cotidiana)\u00a0<\/strong><\/p><p>Los ECC son una propuesta para activar los sentidos de quien investiga y debe ver m\u00e1s all\u00e1 de lo evidente. Las personas suelen reunirse, aconsejarse, informarse y hasta organizarse en espacios que no est\u00e1n a primera vista de qui\u00e9n est\u00e1 investigando. Los ECC ayudan a caracterizar los espacios \u00fatiles para construir lazos de confianza y hacer acciones efectivas.<\/p>\t\t\t\t\t\t\t\t<\/div>\n\t\t\t\t<\/div>\n\t\t\t\t\t<\/div>\n\t\t<\/div>\n\t\t\t\t\t<\/div>\n\t\t<\/section>\n\t\t\t\t<section class=\"elementor-section elementor-top-section elementor-element elementor-element-d682cef elementor-section-boxed elementor-section-height-default elementor-section-height-default\" data-id=\"d682cef\" data-element_type=\"section\">\n\t\t\t\t\t\t<div class=\"elementor-container elementor-column-gap-default\">\n\t\t\t\t\t<div class=\"elementor-column elementor-col-33 elementor-top-column elementor-element elementor-element-000e337\" data-id=\"000e337\" data-element_type=\"column\">\n\t\t\t<div class=\"elementor-widget-wrap elementor-element-populated\">\n\t\t\t\t\t\t<div class=\"elementor-element elementor-element-a5a73a1 elementor-widget elementor-widget-image\" data-id=\"a5a73a1\" data-element_type=\"widget\" data-widget_type=\"image.default\">\n\t\t\t\t<div class=\"elementor-widget-container\">\n\t\t\t\t\t\t\t\t\t\t\t\t\t\t\t<img loading=\"lazy\" decoding=\"async\" width=\"1024\" height=\"682\" src=\"https:\/\/www.fundeti.org\/wp-content\/uploads\/2025\/01\/WhatsApp-Image-2025-01-18-at-21.59.20-1024x682.jpeg\" class=\"attachment-large size-large wp-image-1398\" alt=\"\" srcset=\"https:\/\/www.fundeti.org\/wp-content\/uploads\/2025\/01\/WhatsApp-Image-2025-01-18-at-21.59.20-1024x682.jpeg 1024w, https:\/\/www.fundeti.org\/wp-content\/uploads\/2025\/01\/WhatsApp-Image-2025-01-18-at-21.59.20-300x200.jpeg 300w, https:\/\/www.fundeti.org\/wp-content\/uploads\/2025\/01\/WhatsApp-Image-2025-01-18-at-21.59.20-768x512.jpeg 768w, https:\/\/www.fundeti.org\/wp-content\/uploads\/2025\/01\/WhatsApp-Image-2025-01-18-at-21.59.20.jpeg 1280w\" sizes=\"(max-width: 1024px) 100vw, 1024px\" \/>\t\t\t\t\t\t\t\t\t\t\t\t\t\t\t<\/div>\n\t\t\t\t<\/div>\n\t\t\t\t\t<\/div>\n\t\t<\/div>\n\t\t\t\t<div class=\"elementor-column elementor-col-66 elementor-top-column elementor-element elementor-element-de67f27\" data-id=\"de67f27\" data-element_type=\"column\">\n\t\t\t<div class=\"elementor-widget-wrap elementor-element-populated\">\n\t\t\t\t\t\t<div class=\"elementor-element elementor-element-3252003 elementor-widget elementor-widget-text-editor\" data-id=\"3252003\" data-element_type=\"widget\" data-widget_type=\"text-editor.default\">\n\t\t\t\t<div class=\"elementor-widget-container\">\n\t\t\t\t\t\t\t\t\t<p><strong> ENCUENTROS DE DI\u00c1LOGO DE SABERES<\/strong><\/p><p>Los encuentros de di\u00e1logo de saberes son una propuesta para generar espacios y oportunidades para dialogar desde el respeto y la horizontalidad, permitiendo que los conocimientos y saberes sobre un tema (principalmente territoriales) sean compartidos abiertamente y validados por la interacci\u00f3n colectiva. Al circular la palabra se fortalece la memoria colectiva y se construyen caminos para la paz.<\/p>\t\t\t\t\t\t\t\t<\/div>\n\t\t\t\t<\/div>\n\t\t\t\t\t<\/div>\n\t\t<\/div>\n\t\t\t\t\t<\/div>\n\t\t<\/section>\n\t\t\t\t<section class=\"elementor-section elementor-top-section elementor-element elementor-element-7f14752 elementor-section-boxed elementor-section-height-default elementor-section-height-default\" data-id=\"7f14752\" data-element_type=\"section\">\n\t\t\t\t\t\t<div class=\"elementor-container elementor-column-gap-default\">\n\t\t\t\t\t<div class=\"elementor-column elementor-col-33 elementor-top-column elementor-element elementor-element-c3716c9\" data-id=\"c3716c9\" data-element_type=\"column\">\n\t\t\t<div class=\"elementor-widget-wrap elementor-element-populated\">\n\t\t\t\t\t\t<div class=\"elementor-element elementor-element-2d40fae elementor-widget elementor-widget-image\" data-id=\"2d40fae\" data-element_type=\"widget\" data-widget_type=\"image.default\">\n\t\t\t\t<div class=\"elementor-widget-container\">\n\t\t\t\t\t\t\t\t\t\t\t\t\t\t\t<img loading=\"lazy\" decoding=\"async\" width=\"1024\" height=\"682\" src=\"https:\/\/www.fundeti.org\/wp-content\/uploads\/2025\/01\/WhatsApp-Image-2025-01-18-at-21.59.19-4-1024x682.jpeg\" class=\"attachment-large size-large wp-image-1395\" alt=\"\" srcset=\"https:\/\/www.fundeti.org\/wp-content\/uploads\/2025\/01\/WhatsApp-Image-2025-01-18-at-21.59.19-4-1024x682.jpeg 1024w, https:\/\/www.fundeti.org\/wp-content\/uploads\/2025\/01\/WhatsApp-Image-2025-01-18-at-21.59.19-4-300x200.jpeg 300w, https:\/\/www.fundeti.org\/wp-content\/uploads\/2025\/01\/WhatsApp-Image-2025-01-18-at-21.59.19-4-768x512.jpeg 768w, https:\/\/www.fundeti.org\/wp-content\/uploads\/2025\/01\/WhatsApp-Image-2025-01-18-at-21.59.19-4.jpeg 1280w\" sizes=\"(max-width: 1024px) 100vw, 1024px\" \/>\t\t\t\t\t\t\t\t\t\t\t\t\t\t\t<\/div>\n\t\t\t\t<\/div>\n\t\t\t\t\t<\/div>\n\t\t<\/div>\n\t\t\t\t<div class=\"elementor-column elementor-col-66 elementor-top-column elementor-element elementor-element-36f7c3f\" data-id=\"36f7c3f\" data-element_type=\"column\">\n\t\t\t<div class=\"elementor-widget-wrap elementor-element-populated\">\n\t\t\t\t\t\t<div class=\"elementor-element elementor-element-febc90c elementor-widget elementor-widget-text-editor\" data-id=\"febc90c\" data-element_type=\"widget\" data-widget_type=\"text-editor.default\">\n\t\t\t\t<div class=\"elementor-widget-container\">\n\t\t\t\t\t\t\t\t\t<p><strong>TAF (Territorio\/Actores\/Fen\u00f3menos)<\/strong><\/p><p>El TAF es una propuesta para delimitar el objeto de intervenci\u00f3n territorial y permite caracterizar adecuadamente los enfoques, prop\u00f3sitos, objetivos, actividades, resultados, productos, etc., Esta delimitaci\u00f3n favorece los tiempos de trabajo y el impacto de la intervenci\u00f3n territorial que se propone.<\/p>\t\t\t\t\t\t\t\t<\/div>\n\t\t\t\t<\/div>\n\t\t\t\t\t<\/div>\n\t\t<\/div>\n\t\t\t\t\t<\/div>\n\t\t<\/section>\n\t\t\t\t<section class=\"elementor-section elementor-top-section elementor-element elementor-element-5f59ffe elementor-section-boxed elementor-section-height-default elementor-section-height-default\" data-id=\"5f59ffe\" data-element_type=\"section\">\n\t\t\t\t\t\t<div class=\"elementor-container elementor-column-gap-default\">\n\t\t\t\t\t<div class=\"elementor-column elementor-col-100 elementor-top-column elementor-element elementor-element-9fb48df\" data-id=\"9fb48df\" data-element_type=\"column\">\n\t\t\t<div class=\"elementor-widget-wrap elementor-element-populated\">\n\t\t\t\t\t\t<div class=\"elementor-element elementor-element-78d9f04 elementor-widget elementor-widget-spacer\" data-id=\"78d9f04\" data-element_type=\"widget\" data-widget_type=\"spacer.default\">\n\t\t\t\t<div class=\"elementor-widget-container\">\n\t\t\t\t\t\t\t<div class=\"elementor-spacer\">\n\t\t\t<div class=\"elementor-spacer-inner\"><\/div>\n\t\t<\/div>\n\t\t\t\t\t\t<\/div>\n\t\t\t\t<\/div>\n\t\t\t\t\t<\/div>\n\t\t<\/div>\n\t\t\t\t\t<\/div>\n\t\t<\/section>\n\t\t\t\t<section class=\"elementor-section elementor-top-section elementor-element elementor-element-6cdc3f3 elementor-section-boxed elementor-section-height-default elementor-section-height-default\" data-id=\"6cdc3f3\" data-element_type=\"section\">\n\t\t\t\t\t\t<div class=\"elementor-container elementor-column-gap-default\">\n\t\t\t\t\t<div class=\"elementor-column elementor-col-100 elementor-top-column elementor-element elementor-element-3e4e656\" data-id=\"3e4e656\" data-element_type=\"column\">\n\t\t\t<div class=\"elementor-widget-wrap elementor-element-populated\">\n\t\t\t\t\t\t<div class=\"elementor-element elementor-element-b26f106 elementor-widget elementor-widget-text-editor\" data-id=\"b26f106\" data-element_type=\"widget\" data-widget_type=\"text-editor.default\">\n\t\t\t\t<div class=\"elementor-widget-container\">\n\t\t\t\t\t\t\t\t\t<p style=\"text-align: center;\"><em><strong>Esperamos aportar a nuevas formas de hacer investigaci\u00f3n e intervenci\u00f3n, desde ETI ser\u00e1 un gusto construir nuevos desarrollos metodol\u00f3gicos para fortalecer el desarrollo de los territorios.<\/strong><\/em><\/p>\t\t\t\t\t\t\t\t<\/div>\n\t\t\t\t<\/div>\n\t\t\t\t\t<\/div>\n\t\t<\/div>\n\t\t\t\t\t<\/div>\n\t\t<\/section>\n\t\t\t\t<\/div>\n\t\t","protected":false},"excerpt":{"rendered":"<p>A lo largo de los a\u00f1os, ETI ha desarrollado metodolog\u00edas para transitar por los territorios y tem\u00e1ticas que nos han consolidado como un equipo de investigaci\u00f3n &#8211; acci\u00f3n. Puedes revisar nuestros aportes en la secci\u00f3n de publicaciones. Brevemente te contamos algunas de ellas. APRENDER &#8211; HACIENDO\u00a0 El aprender haciendo con enfoque intergeneracional es una propuesta [&hellip;]<\/p>\n","protected":false},"author":1,"featured_media":0,"parent":0,"menu_order":0,"comment_status":"closed","ping_status":"closed","template":"","meta":{"ocean_post_layout":"full-screen","ocean_both_sidebars_style":"","ocean_both_sidebars_content_width":0,"ocean_both_sidebars_sidebars_width":0,"ocean_sidebar":"","ocean_second_sidebar":"","ocean_disable_margins":"enable","ocean_add_body_class":"","ocean_shortcode_before_top_bar":"","ocean_shortcode_after_top_bar":"","ocean_shortcode_before_header":"","ocean_shortcode_after_header":"","ocean_has_shortcode":"","ocean_shortcode_after_title":"","ocean_shortcode_before_footer_widgets":"","ocean_shortcode_after_footer_widgets":"","ocean_shortcode_before_footer_bottom":"","ocean_shortcode_after_footer_bottom":"","ocean_display_top_bar":"default","ocean_display_header":"default","ocean_header_style":"","ocean_center_header_left_menu":"","ocean_custom_header_template":"","ocean_custom_logo":0,"ocean_custom_retina_logo":0,"ocean_custom_logo_max_width":0,"ocean_custom_logo_tablet_max_width":0,"ocean_custom_logo_mobile_max_width":0,"ocean_custom_logo_max_height":0,"ocean_custom_logo_tablet_max_height":0,"ocean_custom_logo_mobile_max_height":0,"ocean_header_custom_menu":"","ocean_menu_typo_font_family":"","ocean_menu_typo_font_subset":"","ocean_menu_typo_font_size":0,"ocean_menu_typo_font_size_tablet":0,"ocean_menu_typo_font_size_mobile":0,"ocean_menu_typo_font_size_unit":"px","ocean_menu_typo_font_weight":"","ocean_menu_typo_font_weight_tablet":"","ocean_menu_typo_font_weight_mobile":"","ocean_menu_typo_transform":"","ocean_menu_typo_transform_tablet":"","ocean_menu_typo_transform_mobile":"","ocean_menu_typo_line_height":0,"ocean_menu_typo_line_height_tablet":0,"ocean_menu_typo_line_height_mobile":0,"ocean_menu_typo_line_height_unit":"","ocean_menu_typo_spacing":0,"ocean_menu_typo_spacing_tablet":0,"ocean_menu_typo_spacing_mobile":0,"ocean_menu_typo_spacing_unit":"","ocean_menu_link_color":"","ocean_menu_link_color_hover":"","ocean_menu_link_color_active":"","ocean_menu_link_background":"","ocean_menu_link_hover_background":"","ocean_menu_link_active_background":"","ocean_menu_social_links_bg":"","ocean_menu_social_hover_links_bg":"","ocean_menu_social_links_color":"","ocean_menu_social_hover_links_color":"","ocean_disable_title":"default","ocean_disable_heading":"default","ocean_post_title":"","ocean_post_subheading":"","ocean_post_title_style":"","ocean_post_title_background_color":"","ocean_post_title_background":0,"ocean_post_title_bg_image_position":"","ocean_post_title_bg_image_attachment":"","ocean_post_title_bg_image_repeat":"","ocean_post_title_bg_image_size":"","ocean_post_title_height":0,"ocean_post_title_bg_overlay":0.5,"ocean_post_title_bg_overlay_color":"","ocean_disable_breadcrumbs":"default","ocean_breadcrumbs_color":"","ocean_breadcrumbs_separator_color":"","ocean_breadcrumbs_links_color":"","ocean_breadcrumbs_links_hover_color":"","ocean_display_footer_widgets":"default","ocean_display_footer_bottom":"default","ocean_custom_footer_template":"","footnotes":""},"class_list":["post-1382","page","type-page","status-publish","hentry","entry"],"_links":{"self":[{"href":"https:\/\/www.fundeti.org\/index.php\/wp-json\/wp\/v2\/pages\/1382","targetHints":{"allow":["GET"]}}],"collection":[{"href":"https:\/\/www.fundeti.org\/index.php\/wp-json\/wp\/v2\/pages"}],"about":[{"href":"https:\/\/www.fundeti.org\/index.php\/wp-json\/wp\/v2\/types\/page"}],"author":[{"embeddable":true,"href":"https:\/\/www.fundeti.org\/index.php\/wp-json\/wp\/v2\/users\/1"}],"replies":[{"embeddable":true,"href":"https:\/\/www.fundeti.org\/index.php\/wp-json\/wp\/v2\/comments?post=1382"}],"version-history":[{"count":32,"href":"https:\/\/www.fundeti.org\/index.php\/wp-json\/wp\/v2\/pages\/1382\/revisions"}],"predecessor-version":[{"id":1925,"href":"https:\/\/www.fundeti.org\/index.php\/wp-json\/wp\/v2\/pages\/1382\/revisions\/1925"}],"wp:attachment":[{"href":"https:\/\/www.fundeti.org\/index.php\/wp-json\/wp\/v2\/media?parent=1382"}],"curies":[{"name":"wp","href":"https:\/\/api.w.org\/{rel}","templated":true}]}}